{"id":9,"date":"2011-12-22T20:28:56","date_gmt":"2011-12-22T20:28:56","guid":{"rendered":"http:\/\/www.literarut.de\/wordpress\/?page_id=9"},"modified":"2018-01-29T14:59:08","modified_gmt":"2018-01-29T14:59:08","slug":"die-bibliothek","status":"publish","type":"page","link":"http:\/\/www.literatur.ungarisches-institut.de\/?page_id=9","title":{"rendered":"Zur Geschichte der \u201eEhinger Bibliothek&#8220;"},"content":{"rendered":"<hr \/>\n<p><strong>Ungarische Literatur in deutscher Sprache<\/strong><\/p>\n<p>Ungarn hat mit einer Bev\u00f6lkerung von 10 Millionen Einwohnern eine ungew\u00f6hnlich hohe Anzahl an Autoren, die in Ungarn selbst, aber auch in Deutschland und weit dar\u00fcber hinaus reges Interesse bei der Leserschaft findet. Insbesondere seit der Frankfurter Buchmesse 1999, auf der Ungarn den Schwerpunkt darstellte, gewinnen Autoren und Autorinnen ungarischer Literatur innerhalb der internationalen Literaturkritik gr\u00f6\u00dfere Aufmerksamkeit.<br \/>\nEtliche ungarische Autoren leben inzwischen sowohl in Ungarn als auch in Deutschland, erhalten Stipendien und unternehmen Lesereisen, um ihre Werke vorzustellen.<br \/>\nDar\u00fcber hinaus sind in Deutschland auch Autoren nicht-ungarischer Herkunft beachtenswert, deren Lebensl\u00e4ufe und Werke inhaltlich und\/oder thematisch einen Bezug zu Ungarn aufweisen.<\/p>\n<p>F\u00fcr den Liebhaber anspruchsvoller, aber auch unterhaltsamer Belletristik sind wahre Sch\u00e4tze zu entdecken, wenn er beginnt, sich f\u00fcr die ungarische Literatur zu interessieren.<br \/>\nEs ist erstaunlich, wie viele ungarische B\u00fccher in fremden Sprachen erschienen sind. Doch wie die Autorin und \u00dcbersetzerin Zsuzsanna Gahse in einem Interview \u00fcber ungarische Literatur bemerkte:<\/p>\n<p><em>&#8222;&#8230; die Ungarn brauchen das Deutsche wirklich, sonst finden sie keinen Zutritt in die Weltliteratur. Das Deutsche ist ja der Hafen f\u00fcr die \u00fcbrige Welt.&#8220;<\/em><\/p>\n<p>Mit der Errichtung und laufenden Fortf\u00fchrung unserer Spezialbibliothek sind wir bestrebt, die Vielfalt der in deutscher Sprache erscheinenden ungarischen Literatur angemessen zu w\u00fcrdigen, sie zu katalogisieren und interessierten Lesern Auswahlkriterien zu bieten.<br \/>\nGegenw\u00e4rtig befinden sich nahezu 1700 B\u00e4nde von etwa 450 Schriftstellerinnen und Schriftstellern in der Bibliothek, dazu Zeitschriften zu und \u00fcber ungarische Literatur.<br \/>\nSelbstverst\u00e4ndlich k\u00f6nnen Sie bei uns B\u00fccher ausleihen. Wir k\u00f6nnen einen Schreibtisch und Internetanschluss zur Verf\u00fcgung stellen, und bieten auch gern einen Espresso an.<\/p>\n<p><strong>Hier einige Anmerkungen zu unserem Ausleihverfahren:<\/strong><\/p>\n<ul>\n<li>Eine Online-Ausleihm\u00f6glichkeit k\u00f6nnen wir leider nicht bieten, bitte wenden Sie sich bei Interesse per E-Mail oder Telefon\/Fax an uns: <a href=\"mailto:ungarnliteratur-deutsch@web.de\">ungarnliteratur-deutsch@web.de<\/a>, Tel.\/Fax: 0049-(0)7391\/6650<\/li>\n<li>Wir verleihen nahezu s\u00e4mtliche B\u00fccher (Lexika ausgenommen).<\/li>\n<li>Zeitschriften und elektronische Medien verleihen wir nach R\u00fccksprache ebenfalls.<\/li>\n<li>Abgesehen vom Porto berechnen wir keine weiteren Ausleihgeb\u00fchren.<\/li>\n<li>Die Ausleihfrist betr\u00e4gt im Normalfall vier Wochen; \u00fcber Verl\u00e4ngerungen kann jedoch verhandelt werden.<\/li>\n<\/ul>\n<p><strong>Der Gesamtbestand ist in verschiedene Themenbereiche gegliedert:<\/strong><\/p>\n<ul>\n<li>Klassiker, auch wiederentdeckte und neu verlegte<\/li>\n<li>Historisches (2. Weltkrieg, Holocaust, Vertreibung der Ungarndeutschen, 1956, Exil, Wende)<\/li>\n<li>junge Schriftsteller und zeitgen\u00f6ssische Literatur<\/li>\n<li>Anthologien: Lyrik; Prosa<\/li>\n<li>Sachb\u00fccher aus Geschichte, Politik, Kunst<\/li>\n<\/ul>\n<p><strong>Unser literarischer Service dar\u00fcber hinaus:<\/strong><\/p>\n<ul>\n<li>Ein Katalog der Autoren und B\u00fccher ist erstellt, wird st\u00e4ndig aktualisiert und kann auf Nachfrage per E-Mail verschickt werden.<\/li>\n<li>Inhaltsangaben und Rezensionen von vielen B\u00fcchern stehen Ihnen zur Verf\u00fcgung.<\/li>\n<li>Von den meisten Autoren sind bereits Lebensl\u00e4ufe erstellt worden.<\/li>\n<li>Online bieten wir eine Literaturdatenbank, die unseren kompletten Bibliotheksbestand enth\u00e4lt; weiterhin Autorenprofile, Buchbesprechungen und Veranstaltungshinweise.<\/li>\n<\/ul>\n<hr \/>\n<p><strong>Was andere \u00fcber uns sagen:<\/strong><\/p>\n<ul>\n<li style=\"list-style-type: none;\">\n<ul>\n<li><a href=\"http:\/\/www.literatur.ungarisches-institut.de\/wp-content\/uploads\/2012\/01\/odor_laszlo.pdf\" target=\"_blank\" rel=\"noopener\">E-Mails von Prof. Dr. L\u00e1szl\u00f3 \u00d3dor \/ Botschaftsrat, 2011<\/a><\/li>\n<li><a href=\"http:\/\/www.literatur.ungarisches-institut.de\/wp-content\/uploads\/2012\/01\/ehinger_tagblatt_02.12.2011.jpg\" target=\"_blank\" rel=\"noopener\">Ehinger Tagblatt 02.12.2011<\/a><\/li>\n<li><a href=\"http:\/\/www.literatur.ungarisches-institut.de\/wp-content\/uploads\/2012\/01\/neue_zeitung_42_2011.pdf\" target=\"_blank\" rel=\"noopener\">Neue Zeitung \/ Ungarisches Wochenblatt, Nr. 42\/2011 <\/a><\/li>\n<\/ul>\n<\/li>\n<\/ul>\n","protected":false},"excerpt":{"rendered":"<p>Ungarische Literatur in deutscher Sprache Ungarn hat mit einer Bev\u00f6lkerung von 10 Millionen Einwohnern eine ungew\u00f6hnlich hohe Anzahl an Autoren, die in Ungarn selbst, aber auch in Deutschland und weit dar\u00fcber hinaus reges Interesse bei der Leserschaft findet. Insbesondere seit &hellip; <a href=\"http:\/\/www.literatur.ungarisches-institut.de\/?page_id=9\">Weiterlesen <span class=\"meta-nav\">&rarr;<\/span><\/a><\/p>\n","protected":false},"author":3,"featured_media":0,"parent":0,"menu_order":1,"comment_status":"closed","ping_status":"closed","template":"","meta":[],"_links":{"self":[{"href":"http:\/\/www.literatur.ungarisches-institut.de\/index.php?rest_route=\/wp\/v2\/pages\/9"}],"collection":[{"href":"http:\/\/www.literatur.ungarisches-institut.de\/index.php?rest_route=\/wp\/v2\/pages"}],"about":[{"href":"http:\/\/www.literatur.ungarisches-institut.de\/index.php?rest_route=\/wp\/v2\/types\/page"}],"author":[{"embeddable":true,"href":"http:\/\/www.literatur.ungarisches-institut.de\/index.php?rest_route=\/wp\/v2\/users\/3"}],"replies":[{"embeddable":true,"href":"http:\/\/www.literatur.ungarisches-institut.de\/index.php?rest_route=%2Fwp%2Fv2%2Fcomments&post=9"}],"version-history":[{"count":27,"href":"http:\/\/www.literatur.ungarisches-institut.de\/index.php?rest_route=\/wp\/v2\/pages\/9\/revisions"}],"predecessor-version":[{"id":4375,"href":"http:\/\/www.literatur.ungarisches-institut.de\/index.php?rest_route=\/wp\/v2\/pages\/9\/revisions\/4375"}],"wp:attachment":[{"href":"http:\/\/www.literatur.ungarisches-institut.de\/index.php?rest_route=%2Fwp%2Fv2%2Fmedia&parent=9"}],"curies":[{"name":"wp","href":"https:\/\/api.w.org\/{rel}","templated":true}]}}