{"id":757,"date":"2012-01-07T10:40:02","date_gmt":"2012-01-07T10:40:02","guid":{"rendered":"http:\/\/www.literarut.de\/wordpress\/?page_id=757"},"modified":"2018-02-05T16:37:41","modified_gmt":"2018-02-05T16:37:41","slug":"home","status":"publish","type":"page","link":"http:\/\/www.literatur.ungarisches-institut.de\/","title":{"rendered":"\u201eEhinger Bibliothek findet neue Heimat\u201c"},"content":{"rendered":"<p><a href=\"https:\/\/www.swp.de\/suedwesten\/staedte\/ehingen\/_ehinger-bibliothek_-findet-neue-heimat-in-regensburg-24529382.html\">S\u00fcdwest Presse Online 12.01.2018<\/a><\/p>\n<hr \/>\n<p>Das Ungarische Institut freut sich \u00fcber einen hochwertigen Neuzugang seiner Bibliothek.<\/p>\n<p>Die Gesellschaft \u201eEhinger Bibliothek \u2013 Ungarische Literatur in deutscher Sprache\u201c (EB) hat im Sinne der \u00dcberf\u00fchrungsvereinbarung vom 14. Februar 2017 den Buch- und Archivbestand der EB mit rund 2.500 B\u00e4nden und mehreren Dutzend Aktenordnern in das Eigentum des Ungarischen Instituts M\u00fcnchen e. V. (UIM) \u00fcbergeben. Die EB wird seit ihrer \u00dcberf\u00fchrung aus Ehingen an den Gesch\u00e4ftssitz des UIM in Regensburg im Juni 2017 unter der Bezeichnung \u201eSondersammlung Ungarische Literatur in deutscher Sprache\u201c (ULDS) als Teilbestand der Bibliothek des UIM vom Hungaricum \u2013 Ungarischen Institut der Universit\u00e4t Regensburg (HUI) betreut.<\/p>\n<p>Zur besonderen Freude gereicht es uns, die Leiterin der ehemaligen EB, Frau Gudrun Brzoska, f\u00fcr die Fortsetzung ihrer sammlungsfreudigen und literaturkritischen Mitarbeit an der weiteren Bereicherung sowie digitalen Pr\u00e4sentation dieses vornehmlich belletristischen Buch- und Archivbestands gewonnen zu haben.<\/p>\n<p>Der Internetauftritt der ehemaligen EB, also diese Webseite, wird k\u00fcnftig vom HUI im Auftrag des UIM auf dieser Domain gepflegt. Die Schritte der formalen und inhaltlichen Neugestaltung werden noch eine Zeit in Anspruch nehmen, wof\u00fcr wir unsere Besucherinnen und Besucher um Verst\u00e4ndnis bitten.<\/p>\n<p>Zwischen den Vereinbarungspartnern bestand schon bei ihrer letztj\u00e4hrigen \u00dcberf\u00fchrung nach Regensburg Einvernehmen dar\u00fcber, dass die EB zusammen mit der 1962 angelegten Bibliothek des UIM zeitnah in die Universit\u00e4tsbibliothek Regensburg (UB) eingegliedert werden soll. Die Leitung der Regensburger Universit\u00e4t und der UB sowie der Vorstand des UIM haben den entsprechenden Schenkungsvertrag am 18. und 24. Januar 2018 unterzeichnet. Sie sind \u00fcbereingekommen, dass die Schenkung, die insgesamt rund 18.000\u201320.000 B\u00fccher und 730 abgeschlossene bzw. laufende Periodika enth\u00e4lt, in der Universit\u00e4tsbibliothek Regensburg als Sonderbestand \u201eUngarische Bibliothek (vormals Bibliothek Ungarisches Institut M\u00fcnchen e.V.)\u201c ausgewiesen und betrieben wird. Die ULDS ist Teil dieser Donation, mit der am Wissenschaftsstandort Regensburg ein im deutschen Sprachraum seltenes Kleinod hungarologischer B\u00fcchersammlung in seine n\u00e4chste Entwicklungsphase tritt.<\/p>\n<p>Das Projekt \u201eUngarische Bibliothek\u201c an der Universit\u00e4tsbibliothek Regensburg werden wir demn\u00e4chst \u00f6ffentlich vorstellen.<\/p>\n<p>Regensburg, 25. Januar 2018.<\/p>\n<p>Dr. habil. Zsolt K. Lengyel\u00a0\u00a0\u00a0\u00a0\u00a0\u00a0\u00a0\u00a0\u00a0\u00a0\u00a0\u00a0\u00a0\u00a0\u00a0\u00a0\u00a0\u00a0\u00a0\u00a0\u00a0\u00a0\u00a0\u00a0\u00a0\u00a0\u00a0\u00a0\u00a0\u00a0\u00a0\u00a0\u00a0\u00a0\u00a0\u00a0\u00a0\u00a0\u00a0\u00a0\u00a0\u00a0\u00a0\u00a0\u00a0\u00a0\u00a0\u00a0\u00a0\u00a0\u00a0\u00a0\u00a0\u00a0\u00a0\u00a0\u00a0\u00a0\u00a0\u00a0\u00a0\u00a0\u00a0\u00a0\u00a0\u00a0\u00a0\u00a0\u00a0\u00a0\u00a0\u00a0\u00a0\u00a0\u00a0\u00a0\u00a0\u00a0\u00a0\u00a0\u00a0\u00a0\u00a0\u00a0\u00a0\u00a0\u00a0\u00a0\u00a0\u00a0\u00a0\u00a0\u00a0\u00a0\u00a0\u00a0\u00a0\u00a0\u00a0\u00a0\u00a0\u00a0\u00a0 Vorsitzender UIM e. V., Gesch\u00e4ftsf\u00fchrender Direktor HUI<\/p>\n","protected":false},"excerpt":{"rendered":"<p>S\u00fcdwest Presse Online 12.01.2018 Das Ungarische Institut freut sich \u00fcber einen hochwertigen Neuzugang seiner Bibliothek. Die Gesellschaft \u201eEhinger Bibliothek \u2013 Ungarische Literatur in deutscher Sprache\u201c (EB) hat im Sinne der \u00dcberf\u00fchrungsvereinbarung vom 14. Februar 2017 den Buch- und Archivbestand der &hellip; <a href=\"http:\/\/www.literatur.ungarisches-institut.de\/\">Weiterlesen <span class=\"meta-nav\">&rarr;<\/span><\/a><\/p>\n","protected":false},"author":3,"featured_media":0,"parent":0,"menu_order":0,"comment_status":"closed","ping_status":"closed","template":"","meta":[],"_links":{"self":[{"href":"http:\/\/www.literatur.ungarisches-institut.de\/index.php?rest_route=\/wp\/v2\/pages\/757"}],"collection":[{"href":"http:\/\/www.literatur.ungarisches-institut.de\/index.php?rest_route=\/wp\/v2\/pages"}],"about":[{"href":"http:\/\/www.literatur.ungarisches-institut.de\/index.php?rest_route=\/wp\/v2\/types\/page"}],"author":[{"embeddable":true,"href":"http:\/\/www.literatur.ungarisches-institut.de\/index.php?rest_route=\/wp\/v2\/users\/3"}],"replies":[{"embeddable":true,"href":"http:\/\/www.literatur.ungarisches-institut.de\/index.php?rest_route=%2Fwp%2Fv2%2Fcomments&post=757"}],"version-history":[{"count":374,"href":"http:\/\/www.literatur.ungarisches-institut.de\/index.php?rest_route=\/wp\/v2\/pages\/757\/revisions"}],"predecessor-version":[{"id":4479,"href":"http:\/\/www.literatur.ungarisches-institut.de\/index.php?rest_route=\/wp\/v2\/pages\/757\/revisions\/4479"}],"wp:attachment":[{"href":"http:\/\/www.literatur.ungarisches-institut.de\/index.php?rest_route=%2Fwp%2Fv2%2Fmedia&parent=757"}],"curies":[{"name":"wp","href":"https:\/\/api.w.org\/{rel}","templated":true}]}}