{"id":706,"date":"2012-01-06T10:46:45","date_gmt":"2012-01-06T10:46:45","guid":{"rendered":"http:\/\/www.literarut.de\/wordpress\/?page_id=706"},"modified":"2018-01-29T14:58:06","modified_gmt":"2018-01-29T14:58:06","slug":"links","status":"publish","type":"page","link":"http:\/\/www.literatur.ungarisches-institut.de\/?page_id=706","title":{"rendered":"Links"},"content":{"rendered":"<hr \/>\n<ul>\n<li><a href=\"http:\/\/www.ungarisches-institut.de\/\">Ungarisches Institut M\u00fcnchen\u00a0e.V.\u00a0(UIM\u00a0e.V.)<\/a><\/li>\n<li><a href=\"http:\/\/www.uni-regensburg.de\/hungaricum-ungarisches-institut\/\">Hungaricum &#8211; Ungarisches Institut der Universit\u00e4t Regensburg <\/a><a href=\"http:\/\/www.uni-regensburg.de\/hungaricum-ungarisches-institut\/\">(HUI) <\/a><a href=\"http:\/\/www.uni-regensburg.de\/hungaricum-ungarisches-institut\/\">\u00a0<\/a><\/li>\n<\/ul>\n<p><strong>spezielle Links zur ungarischen Literatur:<\/strong><\/p>\n<ul>\n<li>Bibliographie Ungarische Literatur in deutscher Sprache, zusammengestellt und bearbeitet von Christine Schlosser (Universit\u00e4t G\u00f6ttingen) \/ der direkte Link zur <a href=\"http:\/\/webdoc.sub.gwdg.de\/ebook\/h-k\/gbs\/gbs_36.pdf\" target=\"_blank\" rel=\"noopener\"> Pdf-Datei der Bibliografie: 2000-2005<\/a><\/li>\n<li>umfassende Informationen \u00fcber ungarische Literatur in der mehrsprachigen Literaturdatenbank der Stiftung Ungarisches Buch: <a href=\"http:\/\/www.hunlit.hu\" target=\"_blank\" rel=\"noopener\">http:\/\/www.hunlit.hu<\/a><\/li>\n<li>Die Website <a href=\"http:\/\/www.hubook.de\" target=\"_blank\" rel=\"noopener\">HuBook.de<\/a> bietet &#8211; in enger Kooperation mit dem Collegium Hungaricum Berlin &#8211; Hintergrundinformationen zu der auf deutsch erscheinenden ungarischen Literatur.<\/li>\n<\/ul>\n<p><strong>Links mit osteurop\u00e4ischer Ausrichtung:<\/strong><\/p>\n<ul>\n<li><a href=\"http:\/\/www.novinki.de\" target=\"_blank\" rel=\"noopener\">novinki<\/a> konzentriert sich auf literarische Neuerscheinungen aus den L\u00e4ndern Ost- Mittel- und S\u00fcdosteuropas und bietet Rezensionen, Interviews, Autorenportr\u00e4ts sowie Reportagen und Essays.<\/li>\n<li>Der <a href=\"http:\/\/www.oezb-verlag.de\/\" target=\"_blank\" rel=\"noopener\"><strong>O<\/strong>st<strong>E<\/strong>uropa<strong>Z<\/strong>entrum BERLIN-VERLAG<\/a> bietet seit 2007 Wissenschaftlern und Publizisten eine Plattform zu Themen der Zeitgeschichte und Politik in den Staaten Ost- und S\u00fcdosteuropas, sowie zur deutschen Nachkriegsgeschichte.<\/li>\n<li><a href=\"http:\/\/www.abdos.de\/\" target=\"_blank\" rel=\"noopener\">ABDOS<\/a> = Arbeitsgemeinschaft der Bibliotheken und Dokumentationsstellen der Ost-, Ostmittel- und S\u00fcdosteuropaforschung e.V<\/li>\n<\/ul>\n<p><strong>Institute\/Vereinigungen mit Bezug zur ungarischen Kultur:<\/strong><\/p>\n<ul>\n<li><a href=\"http:\/\/stuttgart.balassi-intezet.hu\/index.php\/de\/\" target=\"_blank\" rel=\"noopener\">Ungarisches Kulturinstitut Stuttgart<\/a><\/li>\n<li><a href=\"http:\/\/www.ulmke-online.de\/\" target=\"_blank\" rel=\"noopener\">Ungarischer Kulturverein Ulm<\/a><\/li>\n<li><a href=\"http:\/\/www.dzm-museum.de\/deutsch\/dzm.html\" target=\"_blank\" rel=\"noopener\">Donauschw\u00e4bisches Zentralmuseum<\/a><\/li>\n<li>Donaub\u00fcro Ulm, das nicht nur Lesungen ungarischer und weiterer ostmitteleurop\u00e4ischer Autoren veranstaltet, sondern auch im Rahmen der &#8222;Donauakademie&#8220; arbeitet:<br \/>\n<a href=\"http:\/\/www.donaubuero.de\/startseite\" target=\"_blank\" rel=\"noopener\">http:\/\/www.donaubuero.de\/start<\/a><\/li>\n<li>F\u00fcr alle, die sich neben ungarischer Literatur auch f\u00fcr Musik und Tanz interessieren &#8211;<br \/>\nHerr Stefan Peier aus Sindelfingen vermittelt ehrenamtlich ungarische Musiker, die in Deutschland leben:<br \/>\n<a href=\"http:\/\/www.peiermusik.cms4people.de\/\" target=\"_blank\" rel=\"noopener\">http:\/\/www.peiermusik.cms4people.de\/<\/a><\/li>\n<li>Stadtbesichtigungen in Budapest: <a href=\"http:\/\/www.budapest.org.hu\/de\/\" target=\"_blank\" rel=\"noopener\">http:\/\/www.budapest.org.hu\/de\/<\/a><\/li>\n<li>Offizielle deutsche Website des Ungarischen Tourismusamtes:<br \/>\n<a href=\"http:\/\/www.ungarn-tourismus.de\/\" target=\"_blank\" rel=\"noopener\">http:\/\/www.ungarn-tourismus.de\/<\/a><\/li>\n<\/ul>\n<h1><\/h1>\n<p>&nbsp;<\/p>\n<p>&nbsp;<\/p>\n","protected":false},"excerpt":{"rendered":"<p>Ungarisches Institut M\u00fcnchen\u00a0e.V.\u00a0(UIM\u00a0e.V.) Hungaricum &#8211; Ungarisches Institut der Universit\u00e4t Regensburg (HUI) \u00a0 spezielle Links zur ungarischen Literatur: Bibliographie Ungarische Literatur in deutscher Sprache, zusammengestellt und bearbeitet von Christine Schlosser (Universit\u00e4t G\u00f6ttingen) \/ der direkte Link zur Pdf-Datei der Bibliografie: 2000-2005 &hellip; <a href=\"http:\/\/www.literatur.ungarisches-institut.de\/?page_id=706\">Weiterlesen <span class=\"meta-nav\">&rarr;<\/span><\/a><\/p>\n","protected":false},"author":3,"featured_media":0,"parent":0,"menu_order":5,"comment_status":"closed","ping_status":"closed","template":"","meta":[],"_links":{"self":[{"href":"http:\/\/www.literatur.ungarisches-institut.de\/index.php?rest_route=\/wp\/v2\/pages\/706"}],"collection":[{"href":"http:\/\/www.literatur.ungarisches-institut.de\/index.php?rest_route=\/wp\/v2\/pages"}],"about":[{"href":"http:\/\/www.literatur.ungarisches-institut.de\/index.php?rest_route=\/wp\/v2\/types\/page"}],"author":[{"embeddable":true,"href":"http:\/\/www.literatur.ungarisches-institut.de\/index.php?rest_route=\/wp\/v2\/users\/3"}],"replies":[{"embeddable":true,"href":"http:\/\/www.literatur.ungarisches-institut.de\/index.php?rest_route=%2Fwp%2Fv2%2Fcomments&post=706"}],"version-history":[{"count":27,"href":"http:\/\/www.literatur.ungarisches-institut.de\/index.php?rest_route=\/wp\/v2\/pages\/706\/revisions"}],"predecessor-version":[{"id":4374,"href":"http:\/\/www.literatur.ungarisches-institut.de\/index.php?rest_route=\/wp\/v2\/pages\/706\/revisions\/4374"}],"wp:attachment":[{"href":"http:\/\/www.literatur.ungarisches-institut.de\/index.php?rest_route=%2Fwp%2Fv2%2Fmedia&parent=706"}],"curies":[{"name":"wp","href":"https:\/\/api.w.org\/{rel}","templated":true}]}}