{"id":4455,"date":"2018-02-05T15:52:50","date_gmt":"2018-02-05T15:52:50","guid":{"rendered":"http:\/\/www.literatur.ungarisches-institut.de\/?page_id=4455"},"modified":"2018-02-05T16:33:55","modified_gmt":"2018-02-05T16:33:55","slug":"was-andere-ueber-die-ehinger-bibliothek-sagten-presseberichte","status":"publish","type":"page","link":"http:\/\/www.literatur.ungarisches-institut.de\/?page_id=4455","title":{"rendered":"Was andere \u00fcber die \u201eEhinger Bibliothek\u201c sagten\/ Presseberichte"},"content":{"rendered":"<p><strong>Was andere \u00fcber uns sagten:<\/strong><\/p>\n<ul>\n<li><a href=\"http:\/\/www.literatur.ungarisches-institut.de\/wp-content\/uploads\/2012\/01\/odor_laszlo.pdf\" target=\"_blank\" rel=\"noopener\">E-Mails von Prof. Dr. L\u00e1szl\u00f3 \u00d3dor \/ Botschaftsrat, 2011<\/a><\/li>\n<li><a href=\"http:\/\/www.literatur.ungarisches-institut.de\/wp-content\/uploads\/2012\/01\/ehinger_tagblatt_02.12.2011.jpg\" target=\"_blank\" rel=\"noopener\">Ehinger Tagblatt 02.12.2011<\/a><\/li>\n<li><a href=\"http:\/\/www.literatur.ungarisches-institut.de\/wp-content\/uploads\/2012\/01\/neue_zeitung_42_2011.pdf\" target=\"_blank\" rel=\"noopener\">Neue Zeitung \/ Ungarisches Wochenblatt, Nr. 42\/2011 <\/a><\/li>\n<li><a href=\"http:\/\/www.literatur.ungarisches-institut.de\/wp-content\/uploads\/2012\/01\/neue_zeitung_42_2011.pdf\" target=\"_blank\" rel=\"noopener\">Neue Zeitung \/ Ungarisches Wochenblatt, Nr. 42\/2011 <\/a><\/li>\n<\/ul>\n<hr \/>\n<p><strong>Artikel aus der S\u00fcdwest Presse \/ Ulm<\/strong><br \/>\n<strong>Ausstellung zum ungarischen Aufstand 1956 (<a href=\"http:\/\/www.literatur.ungarisches-institut.de\/wp-content\/uploads\/2016\/10\/SWP_Ulmer-Kulturspiegel.pdf\">Artikel in PDF-Format<\/a>)<\/strong><br \/>\nDer 23. Oktober ist Nationalfeiertag in Ungarn, der Jahrestag\u00a0 des Volksaufstandes 1956. An den erinnert eine Ausstellung im Zentralmuseum.<br \/>\nHELMUT PUSCH | 24.09.2016<\/p>\n<div id=\"attachment_4104\" style=\"width: 567px\" class=\"wp-caption alignleft\"><a href=\"http:\/\/www.literatur.ungarisches-institut.de\/wp-content\/uploads\/2012\/01\/12.jpg\"><img aria-describedby=\"caption-attachment-4104\" decoding=\"async\" loading=\"lazy\" class=\"size-full wp-image-4104\" title=\"1\" src=\"http:\/\/www.literatur.ungarisches-institut.de\/wp-content\/uploads\/2012\/01\/12.jpg\" alt=\"\" width=\"557\" height=\"392\" srcset=\"http:\/\/www.literatur.ungarisches-institut.de\/wp-content\/uploads\/2012\/01\/12.jpg 557w, http:\/\/www.literatur.ungarisches-institut.de\/wp-content\/uploads\/2012\/01\/12-300x211.jpg 300w\" sizes=\"(max-width: 557px) 100vw, 557px\" \/><\/a><p id=\"caption-attachment-4104\" class=\"wp-caption-text\">Foto: DZM<\/p><\/div>\n<p>&nbsp;<\/p>\n<p>&nbsp;<\/p>\n<p>&nbsp;<\/p>\n<p>&nbsp;<\/p>\n<p>&nbsp;<\/p>\n<p>&nbsp;<\/p>\n<p>&nbsp;<\/p>\n<p>&nbsp;<\/p>\n<p>&nbsp;<\/p>\n<p>&nbsp;<\/p>\n<p>Ein Foto aus Tante Ilonas geheimen Fotoalbum zeigt den zerst\u00f6rten ungarischen Rundfunk.<br \/>\nAn diesem Tag hielt die Welt den Atem an: Der 23. Oktober 1956 begann mit einer friedlichen Gro\u00dfdemonstration der Studenten der Universit\u00e4ten in Budapest, die demokratische Ver\u00e4nderungen forderten. Die Regierung lie\u00df am Abend in die\u00a0 Menge schie\u00dfen, daraufhin brach der bewaffnete Kampf aus. Binnen weniger Tage wurde die Einpartei-Diktatur durch eine Regierung unter der Leitung von Imre Nagy abgel\u00f6st. Ungarn trat aus dem Warschauer Pakt aus und forderte die Sowjetarmee auf, das Land zu verlassen: Am 4. November marschierte die Rote Armee ein. Der kurze Traum der Freiheit war vorbei.<br \/>\nWie schlugen sich diese Tage literarisch nieder? Welche Zeugnisse gibt es davon. Erstaunlich viele B\u00fccher widmen sich dieses Themas auf Deutsch. Deutsche B\u00fccher \u00fcber Ungarn? Ein Fall f\u00fcr die Ehinger Bibliothek Ungarischer Literatur in deutscher Sprache von Gudrun und Wolf Brzoska. Sie haben im Kabinett des Donauschw\u00e4bischen Zentralmuseums eine feine und kenntnisreiche Ausstellung mit rund 50 B\u00fcchern zum Volksaufstand zusammengestellt \u2013 Romanen, Reportagen, Essays. Alle B\u00fccher und Autoren werden in kurzen Texten vorgestellt.<br \/>\nZentrales St\u00fcck der Ausstellung ist aber ein Fotoalbum mit 65 Aufnahmen, die w\u00e4hrend des Aufstandes entstanden. Fotografiert hat sie \u201eTante Ilona\u201c. Den richtigen Namen der Frau kennt man nicht. Sie hat das Album, das sie jahrzehntelang versteckt gehalten hatte, 2004, kurz vor ihrem Tod, der Pflegerin \u00fcbergeben \u2013 unter der Auflage, niemals ihren wirklichen Namen zu nennen. Was man wei\u00df: Sie war eine Arbeiterin aus einem Au\u00dfenbezirk Budapests, die w\u00e4hrend des Aufstands, den \u201efr\u00f6hlichsten Tagen\u201c ihres Lebens, immer wieder ins kilometerweit entfernte Zentrum ging (die Stra\u00dfenbahnen fuhren nicht mehr), um die Aufnahmen zu machen. Sie zeigen Zerst\u00f6rungen, Tote, aber auch Menschen, die in der Stadt die Symbole des Kommunismus beseitigten.<br \/>\nDaraus haben die Brzoskas ihr Buch \u201eDas geheime Fotoalbum der Tante Ilona\u201c gemacht, das den historischen Aufnahmen Fotos aus der Gegenwart gegen\u00fcberstellt und Textbeitr\u00e4ge zum Aufstand und dessen Hintergr\u00fcnde enth\u00e4lt \u2013 auf Deutsch und Ungarisch.<br \/>\n<strong>Info:<\/strong> Die Ausstellung \u201eBudapest 1956\u201c ist bis 6. November im Kabinett des Donauschw\u00e4bischen Zentralmuseums zu sehen: Di-So 11-17 Uhr.<br \/>\nDas Buch \u201eDas geheime Fotoalbum der Tante Ilona\u201c ist im Museum erh\u00e4ltlich (27 Euro).<\/p>\n<hr \/>\n<p><strong>Artikel aus dem Ehinger Tagblatt \/ S\u00fcdwest Presse \/ Ehingen\/Ulm:<\/strong><br \/>\n<strong> Zeitgeschichte in Bildern von Tante Ilona (<a href=\"http:\/\/www.literatur.ungarisches-institut.de\/wp-content\/uploads\/2016\/10\/Su\u0308dwestpresse_EHI-Tagblatt_22_09_16.pdf\">Artikel in PDF-Format<\/a>):<\/strong><br \/>\n60 Jahre nach dem Scheitern der ungarischen Revolution gibt Gudrun Brzoska aus Ehingen mit einem Buch ungew\u00f6hnliche Einsichten in einst und jetzt.<br \/>\nANDREAS HACKER | 22.09.2016<\/p>\n<div id=\"attachment_4081\" style=\"width: 610px\" class=\"wp-caption alignright\"><a href=\"http:\/\/www.literatur.ungarisches-institut.de\/wp-content\/uploads\/2012\/01\/11.jpg\"><img aria-describedby=\"caption-attachment-4081\" decoding=\"async\" loading=\"lazy\" class=\"size-full wp-image-4081\" title=\"1\" src=\"http:\/\/www.literatur.ungarisches-institut.de\/wp-content\/uploads\/2012\/01\/11.jpg\" alt=\"\" width=\"600\" height=\"224\" srcset=\"http:\/\/www.literatur.ungarisches-institut.de\/wp-content\/uploads\/2012\/01\/11.jpg 600w, http:\/\/www.literatur.ungarisches-institut.de\/wp-content\/uploads\/2012\/01\/11-300x112.jpg 300w\" sizes=\"(max-width: 600px) 100vw, 600px\" \/><\/a><p id=\"caption-attachment-4081\" class=\"wp-caption-text\">Fotos: Archiv Varga-Nagy\/Gudrun Brzoska Getroffener Panzer vor der Corvin Gasse am 27. Oktober 1956 und der J\u00f3zsef Ring 60 Jahre sp\u00e4ter.<\/p><\/div>\n<div id=\"attachment_4082\" style=\"width: 610px\" class=\"wp-caption alignright\"><a href=\"http:\/\/www.literatur.ungarisches-institut.de\/wp-content\/uploads\/2012\/01\/2.jpg\"><img aria-describedby=\"caption-attachment-4082\" decoding=\"async\" loading=\"lazy\" class=\"size-full wp-image-4082\" title=\"2\" src=\"http:\/\/www.literatur.ungarisches-institut.de\/wp-content\/uploads\/2012\/01\/2.jpg\" alt=\"\" width=\"600\" height=\"215\" srcset=\"http:\/\/www.literatur.ungarisches-institut.de\/wp-content\/uploads\/2012\/01\/2.jpg 600w, http:\/\/www.literatur.ungarisches-institut.de\/wp-content\/uploads\/2012\/01\/2-300x107.jpg 300w\" sizes=\"(max-width: 600px) 100vw, 600px\" \/><\/a><p id=\"caption-attachment-4082\" class=\"wp-caption-text\">Fotos: Archiv Varga-Nagy\/Gudrun Brzoska Am 26. Oktober 1956 war in Budapest die sowjetische Buchhandlung \u201eHorizont\u201c verw\u00fcstet worden; heute sieht das Gesch\u00e4ft in der Kossuth-Lajos-Stra\u00dfe so aus.<\/p><\/div>\n<p>Wenn heute Abend im Donauschw\u00e4bischen Zentralmuseum in Ulm die Ausstellung \u201eBudapest 1956 \u2013 Der Ungarn-Aufstand in der Literatur\u201c er\u00f6ffnet wird, ist dies verbunden mit der Pr\u00e4sentation eines Buches, das auf Initiative von Gudrun Brzoska aus Ehingen jetzt im Federsee-Verlag Bad Buchau erschienen ist. \u201eDas geheime Fotoalbum der Tante Ilona\u201c bringt, passend zum nahen Jahrestag des Aufstands gegen die sowjetische Fremdherrschaft am 23. Oktober 1956, zum einen lange Zeit versteckt gehaltene Bilder der Gewalt in Budapest und stellt zum andern den Aufnahmen von 1956 Fotos aus dem heutigen Budapest gegen\u00fcber.<br \/>\nEs war Zufall, schreibt Gudrun Brzoska \u00fcber das Entstehen dieses Buches, dass sie an ein Fotoalbum von 1956 kam, das mehr als 40 Jahre lang versteckt geblieben war: Bei einem ihrer l\u00e4nder\u00fcbergreifenden Projekte zu Zeitzeugen der Revolution mit Studenten der Universit\u00e4t in Budapest hat die Studentin Zsuzsanna Kl\u00e1ra Nagy das Fotoalbum mitgebracht. Es war von einer Frau, die immer nur als \u201eTante Ilona\u201c bezeichnet wird, kurz vor deren Tod 2004 an ihre Pflegerin \u00fcbergeben worden und so in den Besitz der Familie von Zsuzsanna Kl\u00e1ra Nagy gekommen.\u00a0 F\u00fcr die im Alter von 71 Jahren Verstorbene waren diese Aufnahmen wichtige und lebendige Erinnerungen \u201evor allem an die frische Luft der Freiheit\u201c, wie Nagy in dem Buch mit Hinweis darauf schreibt, was die Pflegerin festgehalten hat.<br \/>\nSchon damals erregte das Album bei Gudrun Brzoska gro\u00dfes Interesse:\u00a0\u201eIrgendetwas m\u00fcsste man damit machen, um diese mutige Arbeit und die teilweise bereits stark verblassten Fotos zu retten.\u201c Jahre sp\u00e4ter, beim Vorbereiten auf den 60. Jahrestag des Ungarn-Aufstands, kam dann die Idee auf, wie diese 65 Fotos ins Heute \u00fcbertragen werden k\u00f6nnten: Mit Unterst\u00fctzung privater Sponsoren wie Manfred Tries aus Ehingen oder dem ungarischen Honorarkonsul Rolf Kurz aus Fellbach und des Bunds ungarischer Organisationen in Deutschland sowie mit fachlicher Begleitung durch Dr. Zsolt Lengyel vom Ungarischen Institut der Universit\u00e4t Regensburg suchten Gudrun Brzoska und Zsuzsanna Kl\u00e1ra Varga-Nagy die Orte von damals auf und Brzoska fotografierte sie so, wie sie heute aussehen.<br \/>\nMit dem bewusst zweisprachig angelegten Buch will Brzoska \u201eein einmaliges, privates und geheimes Dokument\u201c der ungarischen Geschichte bekannt machen und 60 Jahre nach dem Aufstand Erkundungsg\u00e4nge durch Budapest erm\u00f6glichen. Erg\u00e4nzend dazu gibt es im Buch eine Zeittafel und eine historische W\u00fcrdigung des Volksaufstands von 1956 durch Professor Zsolt Lengyel, der das Geschehen in die ungarische Freiheitstradition einordnet. Au\u00dferdem enth\u00e4lt das Buch den Bericht der Zeitzeugin Magdolna B\u0151sze, die damals als 13-j\u00e4hriges M\u00e4dchen auf abenteuerliche Weise nach \u00d6sterreich gefl\u00fcchtet war.<br \/>\nDas Fotoalbum ist heute Abend auch im Original zu sehen: Die 65 Bilder auf 23 Seiten sind Teil der Ausstellung, die Brzoska und Lengyel heute um 19 Uhr im Donauschw\u00e4bischen Zentralmuseum in Ulm er\u00f6ffnen. Sie zeigt B\u00fccher in deutscher Sprache, in denen seither die Ereignisse von 1956 literarisch verarbeitet worden sind.\u00a0 Die Ausstellung dauert bis zum 6. November.<br \/>\nInfo Gudrun Brzoska &amp; Zsuzsanna Kl\u00e1ra Varga-Nagy: Das geheime Fotoalbum der Tante Ilona. Budapest 1956 und 2016. 88 Seiten, Federsee-Verlag, Bad Buchau, 2016, 27 Euro<\/p>\n<hr \/>\n<p>03.11.2012: In der S\u00fcdwest Presse ist ein Artikel \u00fcber die Auszeichnung von <strong>Gudrun und Dr. Wolf Brzoska<\/strong> mit der <strong>Pro Cultura Hungarica Auszeichnung<\/strong> erschienen<a href=\"http:\/\/www.swp.de\/ulm\/lokales\/ulm_neu_ulm\/Hohe-Ehrung-aus-Ungarn-fuer-das-Ehepaar-Brzoska;art4329,1704299\" target=\"_blank\" rel=\"noopener\">&gt;&gt;<\/a><\/p>\n<hr \/>\n<p>Juni 2012:<strong> \u00c9va Z\u00e1dor<\/strong> (HuBook) hat ein <strong>Interview mit Gudrun Brzoska<\/strong> gef\u00fchrt<a href=\"http:\/\/www.hubook.de\/index.php?id=412\" target=\"_blank\" rel=\"noopener\">&gt;&gt;<\/a><\/p>\n<hr \/>\n<p>04.06.2012: Nina M\u00f6llerring von &#8218;Wir sind Ehingen&#8216; hat<strong> Gudrun Brzoska zu ihrem Arbeitsalltag<\/strong> interviewt:<a href=\"http:\/\/wir-sind-ehingen.de\/cms\/2012\/06\/wenn-ungarische-weltliteratur-im-wohnzimmer-steht\" target=\"_blank\" rel=\"noopener\"> &#8222;Wenn ungarische Weltliteratur im Wohnzimmer steht&#8220;<\/a><\/p>\n","protected":false},"excerpt":{"rendered":"<p>Was andere \u00fcber uns sagten: E-Mails von Prof. Dr. L\u00e1szl\u00f3 \u00d3dor \/ Botschaftsrat, 2011 Ehinger Tagblatt 02.12.2011 Neue Zeitung \/ Ungarisches Wochenblatt, Nr. 42\/2011 Neue Zeitung \/ Ungarisches Wochenblatt, Nr. 42\/2011 Artikel aus der S\u00fcdwest Presse \/ Ulm Ausstellung zum &hellip; <a href=\"http:\/\/www.literatur.ungarisches-institut.de\/?page_id=4455\">Weiterlesen <span class=\"meta-nav\">&rarr;<\/span><\/a><\/p>\n","protected":false},"author":5,"featured_media":0,"parent":0,"menu_order":0,"comment_status":"closed","ping_status":"closed","template":"","meta":[],"_links":{"self":[{"href":"http:\/\/www.literatur.ungarisches-institut.de\/index.php?rest_route=\/wp\/v2\/pages\/4455"}],"collection":[{"href":"http:\/\/www.literatur.ungarisches-institut.de\/index.php?rest_route=\/wp\/v2\/pages"}],"about":[{"href":"http:\/\/www.literatur.ungarisches-institut.de\/index.php?rest_route=\/wp\/v2\/types\/page"}],"author":[{"embeddable":true,"href":"http:\/\/www.literatur.ungarisches-institut.de\/index.php?rest_route=\/wp\/v2\/users\/5"}],"replies":[{"embeddable":true,"href":"http:\/\/www.literatur.ungarisches-institut.de\/index.php?rest_route=%2Fwp%2Fv2%2Fcomments&post=4455"}],"version-history":[{"count":4,"href":"http:\/\/www.literatur.ungarisches-institut.de\/index.php?rest_route=\/wp\/v2\/pages\/4455\/revisions"}],"predecessor-version":[{"id":4478,"href":"http:\/\/www.literatur.ungarisches-institut.de\/index.php?rest_route=\/wp\/v2\/pages\/4455\/revisions\/4478"}],"wp:attachment":[{"href":"http:\/\/www.literatur.ungarisches-institut.de\/index.php?rest_route=%2Fwp%2Fv2%2Fmedia&parent=4455"}],"curies":[{"name":"wp","href":"https:\/\/api.w.org\/{rel}","templated":true}]}}