{"id":2583,"date":"2012-05-23T11:33:52","date_gmt":"2012-05-23T11:33:52","guid":{"rendered":"http:\/\/www.literatur.ungarisches-institut.de\/?page_id=2583"},"modified":"2018-02-01T14:08:40","modified_gmt":"2018-02-01T14:08:40","slug":"wo-wir-sind","status":"publish","type":"page","link":"http:\/\/www.literatur.ungarisches-institut.de\/?page_id=2583","title":{"rendered":"Wo wir sind"},"content":{"rendered":"<p>Die Sondersammlung \u201eUngarische Literatur in deutscher Sprache\u201c (ULDS) ist seit dem Sommersemester 2017 Teilbestand der Bibliothek des Ungarischen Instituts M\u00fcnchen e. V., die vom Hungaricum \u2013 Das Ungarische Institut der Universit\u00e4t Regensburg (HUI) betreut wird. Sie ist am Sitz des HUI aufgestellt und erreichbar:<\/p>\n<p>Ungarisches Institut, Landshuter Stra\u00dfe 4, D-93047 Regensburg,<\/p>\n<p>Telefon 0941 \/ 943 5440, Telefax 0941 \/ 943 5441,<\/p>\n<p>Internetauftritt:\u00a0\u00a0\u00a0\u00a0\u00a0\u00a0\u00a0\u00a0\u00a0\u00a0\u00a0\u00a0\u00a0\u00a0\u00a0\u00a0\u00a0\u00a0\u00a0\u00a0\u00a0\u00a0\u00a0\u00a0\u00a0\u00a0\u00a0\u00a0\u00a0\u00a0\u00a0\u00a0\u00a0\u00a0\u00a0\u00a0\u00a0\u00a0\u00a0\u00a0\u00a0\u00a0\u00a0\u00a0\u00a0\u00a0\u00a0\u00a0\u00a0\u00a0\u00a0\u00a0\u00a0\u00a0\u00a0\u00a0\u00a0\u00a0\u00a0\u00a0\u00a0\u00a0\u00a0\u00a0\u00a0\u00a0\u00a0\u00a0\u00a0\u00a0\u00a0\u00a0\u00a0\u00a0\u00a0\u00a0\u00a0\u00a0\u00a0\u00a0\u00a0\u00a0\u00a0\u00a0\u00a0\u00a0\u00a0\u00a0\u00a0\u00a0\u00a0\u00a0\u00a0\u00a0\u00a0\u00a0\u00a0\u00a0\u00a0\u00a0\u00a0\u00a0\u00a0\u00a0\u00a0\u00a0\u00a0\u00a0\u00a0\u00a0\u00a0\u00a0\u00a0\u00a0\u00a0\u00a0\u00a0\u00a0\u00a0\u00a0 <a href=\"http:\/\/www.ungarisches-institut.de\/\">Ungarisches Institut M\u00fcnchen e.V. (UIM e.V.)\u00a0\u00a0\u00a0<\/a>\u00a0\u00a0\u00a0\u00a0\u00a0\u00a0\u00a0\u00a0\u00a0\u00a0\u00a0\u00a0\u00a0\u00a0\u00a0\u00a0\u00a0\u00a0\u00a0\u00a0\u00a0\u00a0\u00a0\u00a0\u00a0\u00a0\u00a0\u00a0\u00a0\u00a0\u00a0\u00a0\u00a0\u00a0\u00a0\u00a0\u00a0\u00a0\u00a0\u00a0\u00a0\u00a0\u00a0\u00a0\u00a0\u00a0\u00a0\u00a0\u00a0\u00a0\u00a0\u00a0\u00a0\u00a0\u00a0\u00a0\u00a0\u00a0 <a href=\"http:\/\/www.uni-regensburg.de\/hungaricum-ungarisches-institut\/\">Hungaricum &#8211; Ungarisches Institut der Universit\u00e4t Regensburg (HUI)<\/a><\/p>\n<p><a href=\"https:\/\/de-de.facebook.com\/Hungaricum-Ungarisches-Institut-der-Universit%C3%A4t-Regensburg-703051746391075\/\">Facebook<\/a><\/p>\n<p>Diese Webseite setzt die digitale Pr\u00e4sentation der fr\u00fcheren <a href=\"http:\/\/www.literatur.ungarisches-institut.de\/\">\u201eEhinger Bibliothek \u2013 Ungarische Literatur in deutscher Sprache\u201c<\/a> fort.<\/p>\n<p>Ihre formale und inhaltliche Neugestaltung wird noch eine Zeit in Anspruch nehmen.<\/p>\n<p>Die Bibliothek des Ungarischen Instituts M\u00fcnchen e. V. wird im Sinne des Schenkungsvertrags vom 18. und 24. Januar 2018 der Universit\u00e4tsbibliothek Regensburg \u00fcbereignet, in der sie als Sonderbestand \u201eUngarische Bibliothek (vormals Bibliothek Ungarisches Institut M\u00fcnchen e.V.)\u201c den \u00fcblichen, in der Benutzungsordnung der Universit\u00e4tsbibliothek festgehaltenen Nutzungsbedingungen unterliegt. Die Bearbeitung der Schenkung ist im Rahmen des \u201eProjekts Ungarische Bibliothek 2018-2019\u201c vorgesehen, das sich derzeit in Planung befindet.<\/p>\n<p>Regensburg, 29. Januar 2018.<br \/>\nGesch\u00e4ftsf\u00fchrung HUI<\/p>\n","protected":false},"excerpt":{"rendered":"<p>Die Sondersammlung \u201eUngarische Literatur in deutscher Sprache\u201c (ULDS) ist seit dem Sommersemester 2017 Teilbestand der Bibliothek des Ungarischen Instituts M\u00fcnchen e. V., die vom Hungaricum \u2013 Das Ungarische Institut der Universit\u00e4t Regensburg (HUI) betreut wird. Sie ist am Sitz des &hellip; <a href=\"http:\/\/www.literatur.ungarisches-institut.de\/?page_id=2583\">Weiterlesen <span class=\"meta-nav\">&rarr;<\/span><\/a><\/p>\n","protected":false},"author":3,"featured_media":0,"parent":9,"menu_order":1,"comment_status":"closed","ping_status":"open","template":"","meta":[],"_links":{"self":[{"href":"http:\/\/www.literatur.ungarisches-institut.de\/index.php?rest_route=\/wp\/v2\/pages\/2583"}],"collection":[{"href":"http:\/\/www.literatur.ungarisches-institut.de\/index.php?rest_route=\/wp\/v2\/pages"}],"about":[{"href":"http:\/\/www.literatur.ungarisches-institut.de\/index.php?rest_route=\/wp\/v2\/types\/page"}],"author":[{"embeddable":true,"href":"http:\/\/www.literatur.ungarisches-institut.de\/index.php?rest_route=\/wp\/v2\/users\/3"}],"replies":[{"embeddable":true,"href":"http:\/\/www.literatur.ungarisches-institut.de\/index.php?rest_route=%2Fwp%2Fv2%2Fcomments&post=2583"}],"version-history":[{"count":21,"href":"http:\/\/www.literatur.ungarisches-institut.de\/index.php?rest_route=\/wp\/v2\/pages\/2583\/revisions"}],"predecessor-version":[{"id":4417,"href":"http:\/\/www.literatur.ungarisches-institut.de\/index.php?rest_route=\/wp\/v2\/pages\/2583\/revisions\/4417"}],"up":[{"embeddable":true,"href":"http:\/\/www.literatur.ungarisches-institut.de\/index.php?rest_route=\/wp\/v2\/pages\/9"}],"wp:attachment":[{"href":"http:\/\/www.literatur.ungarisches-institut.de\/index.php?rest_route=%2Fwp%2Fv2%2Fmedia&parent=2583"}],"curies":[{"name":"wp","href":"https:\/\/api.w.org\/{rel}","templated":true}]}}